{"id":2,"date":"2026-01-03T23:33:24","date_gmt":"2026-01-03T22:33:24","guid":{"rendered":"https:\/\/bvav2026.com\/?page_id=2"},"modified":"2026-02-13T10:48:41","modified_gmt":"2026-02-13T09:48:41","slug":"page-d-exemple","status":"publish","type":"page","link":"https:\/\/bvav2026.com\/","title":{"rendered":"Bien Vivre \u00e0 Villefontaine 2026"},"content":{"rendered":"\n<div class=\"wp-block-columns are-vertically-aligned-center has-background is-layout-flex wp-container-core-columns-is-layout-7ee115f0 wp-block-columns-is-layout-flex\" style=\"background-color:#278aa0;padding-top:0;padding-right:0;padding-bottom:0;padding-left:0\">\n<div class=\"wp-block-column is-vertically-aligned-center is-layout-flow wp-block-column-is-layout-flow\" style=\"padding-top:var(--wp--preset--spacing--50);padding-right:var(--wp--preset--spacing--30);padding-bottom:var(--wp--preset--spacing--50);padding-left:var(--wp--preset--spacing--30)\">\n<div class=\"wp-block-group wp-container-content-0733e5d0 is-vertical is-content-justification-center is-layout-flex wp-container-core-group-is-layout-ce155fab wp-block-group-is-layout-flex\">\n<h2 class=\"wp-block-heading has-text-align-center has-base-color has-text-color has-link-color wp-elements-17ba0c1ff2980b0c57a4eecb30b9ea92 wp-container-content-0733e5d0\" style=\"font-size:clamp(1.119rem, 1.119rem + ((1vw - 0.2rem) * 0.99), 1.75rem);\">Elections municipales 15 et 22 mars 2026<\/h2>\n\n\n\n<div style=\"height:6px\" aria-hidden=\"true\" class=\"wp-block-spacer wp-container-content-a8af25ff\"><\/div>\n\n\n\n<div class=\"wp-block-buttons is-vertical is-content-justification-center is-layout-flex wp-container-core-buttons-is-layout-ce155fab wp-block-buttons-is-layout-flex\">\n<div class=\"wp-block-button\"><a class=\"wp-block-button__link has-base-color has-text-color has-background has-link-color wp-element-button\" href=\"https:\/\/bvav2026.com\/wp-content\/uploads\/2026\/02\/TROMBIA4-2026-2.pdf\" style=\"border-width:1px;border-top-left-radius:10px;border-top-right-radius:10px;border-bottom-left-radius:10px;border-bottom-right-radius:10px;background-color:#278aa0\" target=\"_blank\" rel=\"noreferrer noopener\">D\u00e9couvrir la liste<\/a><\/div>\n<\/div>\n<\/div>\n<\/div>\n\n\n\n<div class=\"wp-block-column is-vertically-aligned-center is-layout-flow wp-block-column-is-layout-flow\">\n<figure class=\"wp-block-image size-large wp-container-content-0733e5d0\"><img loading=\"lazy\" decoding=\"async\" width=\"1024\" height=\"687\" src=\"https:\/\/bvav2026.com\/wp-content\/uploads\/2026\/01\/PNW-Linkedin-scaled-e1768085945700-1024x687.jpg\" alt=\"\" class=\"wp-image-15\" srcset=\"https:\/\/bvav2026.com\/wp-content\/uploads\/2026\/01\/PNW-Linkedin-scaled-e1768085945700-1024x687.jpg 1024w, https:\/\/bvav2026.com\/wp-content\/uploads\/2026\/01\/PNW-Linkedin-scaled-e1768085945700-300x201.jpg 300w, https:\/\/bvav2026.com\/wp-content\/uploads\/2026\/01\/PNW-Linkedin-scaled-e1768085945700-768x515.jpg 768w, https:\/\/bvav2026.com\/wp-content\/uploads\/2026\/01\/PNW-Linkedin-scaled-e1768085945700-1536x1031.jpg 1536w, https:\/\/bvav2026.com\/wp-content\/uploads\/2026\/01\/PNW-Linkedin-scaled-e1768085945700.jpg 1958w\" sizes=\"auto, (max-width: 1024px) 100vw, 1024px\" \/><\/figure>\n<\/div>\n<\/div>\n\n\n\n<div class=\"wp-block-columns is-layout-flex wp-container-core-columns-is-layout-28f84493 wp-block-columns-is-layout-flex\">\n<div class=\"wp-block-column is-layout-flow wp-block-column-is-layout-flow\">\n<div style=\"text-align:center;\"><div style=\"margin:8px 0px 4px;\"><a href=\"https:\/\/www.calameo.com\/books\/008155034c95d38bf26f7\" target=\"_blank\">Projet Bvav 2026 Pdf<\/a><\/div><iframe loading=\"lazy\" src=\"\/\/v.calameo.com\/?bkcode=008155034c95d38bf26f7&#038;mode=mini&#038;showsharemenu=false&#038;clickto=view&#038;clicktarget=_self\" width=\"1120\" height=\"700\" frameborder=\"0\" scrolling=\"no\" allowtransparency allowfullscreen style=\"margin:0 auto;max-width:100%;\"><\/iframe><div style=\"margin:4px 0px 8px;\"><\/div><\/div>\n\n\n\n<div class=\"wp-block-buttons is-content-justification-center is-layout-flex wp-container-core-buttons-is-layout-a89b3969 wp-block-buttons-is-layout-flex\">\n<div class=\"wp-block-button is-style-outline is-style-outline--1\"><a class=\"wp-block-button__link has-base-background-color has-text-color has-background has-link-color has-text-align-center wp-element-button\" href=\"https:\/\/bvav2026.com\/wp-content\/uploads\/2026\/01\/Brochure-BILAN-2020-2026-Patrick-Nicole-Williams.pdf\" style=\"border-width:2px;border-top-left-radius:10px;border-top-right-radius:10px;border-bottom-left-radius:10px;border-bottom-right-radius:10px;color:#278aa0\" target=\"_blank\" rel=\"noreferrer noopener\">BILAN de mandat 2020-2026 et lettre de candidature<\/a><\/div>\n<\/div>\n<\/div>\n<\/div>\n\n\n\n<div class=\"wp-block-columns are-vertically-aligned-center has-base-color has-text-color has-background has-link-color wp-elements-535605483b197283f47d97792de82ca1 is-layout-flex wp-container-core-columns-is-layout-9c22b1e3 wp-block-columns-is-layout-flex\" style=\"background-color:#278aa0\">\n<div class=\"wp-block-column is-vertically-aligned-center is-layout-flow wp-block-column-is-layout-flow\">\n<p>Pour nous contacter : <a href=\"mailto:bienvivre2026@gmail.com\" target=\"_blank\" rel=\"noreferrer noopener\"><strong>bienvivre2026@gmail.com<\/strong><\/a><br>Un membre de notre \u00e9quipe vous r\u00e9pondra dans les meilleurs d\u00e9lais.<\/p>\n\n\n\n<p><strong>Pour faire un don :<\/strong> Toute personne physique de nationalit\u00e9 fran\u00e7aise peut effectuer un don \u00e0 un candidat pour participer au financement de sa campagne \u00e9lectorale. Vous pouvez faire un don de n\u2019importe quel montant (jusqu\u2019au plafond l\u00e9gal de 4600 \u20ac) \u00e0 adresser \u00e0 notre mandataire financier.<\/p>\n\n\n\n<p><strong>Toutes les contributions, m\u00eame les plus modestes ouvrent droit \u00e0 une d\u00e9duction fiscale de 66%<\/strong>. Le mandataire financier vous adressera en retour un re\u00e7u fiscal pour justifier de cette d\u00e9duction sur votre imp\u00f4t sur le revenu.<\/p>\n\n\n\n<p>Les dons, accompagn\u00e9s du formulaire de don ci-joint, sont \u00e0 adresser par ch\u00e8que, \u00e0 l\u2019ordre de :<br><strong>Jacques PIANEA mandataire financier de Patrick NICOLE-WILLIAMS<\/strong>.<\/p>\n\n\n\n<div class=\"wp-block-buttons wp-container-content-0733e5d0 is-content-justification-center is-layout-flex wp-container-core-buttons-is-layout-6efdde85 wp-block-buttons-is-layout-flex\" style=\"margin-top:var(--wp--preset--spacing--40);margin-bottom:var(--wp--preset--spacing--30)\">\n<div class=\"wp-block-button is-style-outline is-style-outline--2\"><a class=\"wp-block-button__link has-base-color has-text-color has-background has-link-color has-x-large-font-size has-text-align-center has-custom-font-size wp-element-button\" href=\"https:\/\/bvav2026.com\/wp-content\/uploads\/2026\/01\/Formulaire-don-BVAV-26.doc\" style=\"border-width:2px;border-top-left-radius:10px;border-top-right-radius:10px;border-bottom-left-radius:10px;border-bottom-right-radius:10px;background-color:#278aa0\" target=\"_blank\" rel=\"noreferrer noopener\">T\u00e9l\u00e9charger le formulaire de don<\/a><\/div>\n<\/div>\n<\/div>\n<\/div>\n\n\n\n<div style=\"height:50px\" aria-hidden=\"true\" class=\"wp-block-spacer\"><\/div>\n\n\n\n<p class=\"has-text-align-center has-text-color has-link-color wp-elements-11fe6cef77cd56faed8b6eaca23fa13b\" style=\"color:#278aa0\"><a href=\"mailto:bienvivre2026@gmail.com\" target=\"_blank\" rel=\"noreferrer noopener\"><strong><em>bienvivre2026@gmail.com<\/em><\/strong><\/a><\/p>\n\n\n\n<p><\/p>\n","protected":false},"excerpt":{"rendered":"<p>Elections municipales 15 et 22 mars 2026 Projet Bvav 2026 Pdf Pour nous contacter : bienvivre2026@gmail.comUn membre de notre \u00e9quipe vous r\u00e9pondra dans les meilleurs d\u00e9lais. Pour faire un don : Toute personne physique de nationalit\u00e9 fran\u00e7aise peut effectuer un don \u00e0 un candidat pour participer au financement de sa campagne \u00e9lectorale. Vous pouvez faire [&hellip;]<\/p>\n","protected":false},"author":1,"featured_media":0,"parent":0,"menu_order":0,"comment_status":"closed","ping_status":"open","template":"","meta":{"footnotes":""},"class_list":["post-2","page","type-page","status-publish","hentry"],"_links":{"self":[{"href":"https:\/\/bvav2026.com\/index.php\/wp-json\/wp\/v2\/pages\/2","targetHints":{"allow":["GET"]}}],"collection":[{"href":"https:\/\/bvav2026.com\/index.php\/wp-json\/wp\/v2\/pages"}],"about":[{"href":"https:\/\/bvav2026.com\/index.php\/wp-json\/wp\/v2\/types\/page"}],"author":[{"embeddable":true,"href":"https:\/\/bvav2026.com\/index.php\/wp-json\/wp\/v2\/users\/1"}],"replies":[{"embeddable":true,"href":"https:\/\/bvav2026.com\/index.php\/wp-json\/wp\/v2\/comments?post=2"}],"version-history":[{"count":29,"href":"https:\/\/bvav2026.com\/index.php\/wp-json\/wp\/v2\/pages\/2\/revisions"}],"predecessor-version":[{"id":89,"href":"https:\/\/bvav2026.com\/index.php\/wp-json\/wp\/v2\/pages\/2\/revisions\/89"}],"wp:attachment":[{"href":"https:\/\/bvav2026.com\/index.php\/wp-json\/wp\/v2\/media?parent=2"}],"curies":[{"name":"wp","href":"https:\/\/api.w.org\/{rel}","templated":true}]}}